{"id":3,"date":"2025-03-14T14:47:33","date_gmt":"2025-03-14T13:47:33","guid":{"rendered":"http:\/\/tadeastetak.com\/?page_id=3"},"modified":"2025-04-04T17:41:42","modified_gmt":"2025-04-04T15:41:42","slug":"ochrana-sukromia","status":"publish","type":"page","link":"https:\/\/tadeastetak.com\/en\/ochrana-sukromia\/","title":{"rendered":"Privacy Policy"},"content":{"rendered":"<h2 class=\"wp-block-heading\">Who we are<\/h2>\n\n\n\n<p>Our website address is: https:\/\/tadeastetak.com.<\/p>\n\n\n\n<h2 class=\"wp-block-heading\"><strong>Privacy Policy<\/strong><\/h2>\n\n\n\n<p>Your privacy is important to us. This document explains what information we collect when you use our website and how we handle it.<\/p>\n\n\n\n<h3 class=\"wp-block-heading\">1. Data collection and use<\/h3>\n\n\n\n<p>Our website does not collect any personal data through forms or other active mechanisms. The only data that may be automatically collected are cookies. Personal data entered through forms is not stored on the website server or in the website database. It is sent by email and we do not store the data after processing.<\/p>\n\n\n\n<h3 class=\"wp-block-heading\">2. Cookies<\/h3>\n\n\n\n<p>Our website may use cookies to improve your experience. Cookies are small text files that are stored on your device and allow us to analyze website traffic. We only use necessary cookies or third-party analytics tools that may collect anonymous data about traffic and user behavior on the site.<\/p>\n\n\n\n<h3 class=\"wp-block-heading\">3. Cookie management<\/h3>\n\n\n\n<p>Users can manage cookie settings through their web browser settings. You can disable, delete, or set notifications when cookies are stored in your browser.<\/p>\n\n\n\n<h3 class=\"wp-block-heading\">4. Links to external sites<\/h3>\n\n\n\n<p>Our website may contain links to external websites. We are not responsible for the content or privacy policies of these sites. We encourage you to read their privacy policies.<\/p>\n\n\n\n<h3 class=\"wp-block-heading\">5. Changes to the Privacy Policy<\/h3>\n\n\n\n<p>We reserve the right to update this policy at any time. Any changes will be posted on this page.<\/p>\n\n\n\n<p>If you have any questions regarding privacy, you can contact us through the available communication channels.<\/p>","protected":false},"excerpt":{"rendered":"<p class=\"secondary-text article-excerpt\">Kto sme Adresa na\u0161ej webovej str\u00e1nky je: http:\/\/tadeastetak.com. Z\u00e1sady ochrany osobn\u00fdch \u00fadajov Va\u0161e s\u00fakromie je pre n\u00e1s d\u00f4le\u017eit\u00e9. Tento dokument vysvet\u013euje, ak\u00e9 inform\u00e1cie zhroma\u017e\u010fujeme pri pou\u017e\u00edvan\u00ed na\u0161ej webovej str\u00e1nky a ako s nimi naklad\u00e1me. 1. Zhroma\u017e\u010fovanie a pou\u017e\u00edvanie \u00fadajov Na\u0161a webov\u00e1 str\u00e1nka nezhroma\u017e\u010fuje \u017eiadne osobn\u00e9 \u00fadaje prostredn\u00edctvom formul\u00e1rov ani in\u00fdch akt\u00edvnych mechanizmov. Jedin\u00fdmi \u00fadajmi, ktor\u00e9<\/p>","protected":false},"author":1,"featured_media":0,"parent":0,"menu_order":0,"comment_status":"closed","ping_status":"closed","template":"","meta":{"_acf_changed":false,"footnotes":""},"class_list":["post-3","page","type-page","status-publish","hentry"],"acf":[],"_links":{"self":[{"href":"https:\/\/tadeastetak.com\/en\/wp-json\/wp\/v2\/pages\/3","targetHints":{"allow":["GET"]}}],"collection":[{"href":"https:\/\/tadeastetak.com\/en\/wp-json\/wp\/v2\/pages"}],"about":[{"href":"https:\/\/tadeastetak.com\/en\/wp-json\/wp\/v2\/types\/page"}],"author":[{"embeddable":true,"href":"https:\/\/tadeastetak.com\/en\/wp-json\/wp\/v2\/users\/1"}],"replies":[{"embeddable":true,"href":"https:\/\/tadeastetak.com\/en\/wp-json\/wp\/v2\/comments?post=3"}],"version-history":[{"count":3,"href":"https:\/\/tadeastetak.com\/en\/wp-json\/wp\/v2\/pages\/3\/revisions"}],"predecessor-version":[{"id":317,"href":"https:\/\/tadeastetak.com\/en\/wp-json\/wp\/v2\/pages\/3\/revisions\/317"}],"wp:attachment":[{"href":"https:\/\/tadeastetak.com\/en\/wp-json\/wp\/v2\/media?parent=3"}],"curies":[{"name":"wp","href":"https:\/\/api.w.org\/{rel}","templated":true}]}}